{"id":3884,"date":"2019-09-09T17:18:19","date_gmt":"2019-09-09T15:18:19","guid":{"rendered":"https:\/\/www.chateaumarjolet.com\/?post_type=product&#038;p=3884"},"modified":"2020-01-27T16:14:49","modified_gmt":"2020-01-27T15:14:49","slug":"igp-rose-cuvee-milsa","status":"publish","type":"product","link":"https:\/\/www.chateaumarjolet.com\/index.php\/product\/igp-rose-cuvee-milsa\/","title":{"rendered":"IGP Ros\u00e9 <br>Cuv\u00e9e Milsa"},"content":{"rendered":"<div class=\"wpb-content-wrapper\"><p>[vc_row][vc_column][vc_column_text]<\/p>\n<h4>Vin ros\u00e9 d&rsquo;\u00e9t\u00e9 \u00e0 la finale rafra\u00eechissante parfait pour accompagner vos repas d&rsquo;\u00e9t\u00e9 comme le barbecue par exemple.<\/h4>\n<p>[\/vc_column_text][\/vc_column][\/vc_row][vc_row][vc_column][vc_tta_accordion shape=\u00a0\u00bbsquare\u00a0\u00bb color=\u00a0\u00bbwhite\u00a0\u00bb c_icon=\u00a0\u00bbchevron\u00a0\u00bb c_position=\u00a0\u00bbright\u00a0\u00bb active_section=\u00a0\u00bb\u00a0\u00bb collapsible_all=\u00a0\u00bbtrue\u00a0\u00bb][vc_tta_section i_type=\u00a0\u00bbdiwine\u00a0\u00bb add_icon=\u00a0\u00bbtrue\u00a0\u00bb title=\u00a0\u00bbNotes de D\u00e9gustation\u00a0\u00bb tab_id=\u00a0\u00bbacrdn-001&Prime;][vc_column_text]<\/p>\n<h6><span style=\"color: #dda759;\">Robe<\/span><\/h6>\n<p>Robe rose l\u00e9ger.<\/p>\n<h6><span style=\"color: #dda759;\">Ar\u00f4mes<\/span><\/h6>\n<p>Ar\u00f4mes de fruits rouges.<\/p>\n<h6><span style=\"color: #dda759;\">Palais<\/span><\/h6>\n<p>Ros\u00e9 d&rsquo;\u00e9t\u00e9 \u00e0 la finale rafra\u00eechissante.[\/vc_column_text][\/vc_tta_section][vc_tta_section i_type=\u00a0\u00bbdiwine\u00a0\u00bb i_icon_diwine=\u00a0\u00bboic-diwine1-037-grapes\u00a0\u00bb add_icon=\u00a0\u00bbtrue\u00a0\u00bb title=\u00a0\u00bbVinification\u00a0\u00bb tab_id=\u00a0\u00bbaccrdn-002&Prime;][vc_column_text]Ce vin est obtenu par press\u00e9e directe.[\/vc_column_text][\/vc_tta_section][vc_tta_section i_type=\u00a0\u00bbdiwine\u00a0\u00bb i_icon_diwine=\u00a0\u00bboic-diwine1-031-barrel-1&Prime; add_icon=\u00a0\u00bbtrue\u00a0\u00bb title=\u00a0\u00bbInformations Techniques\u00a0\u00bb tab_id=\u00a0\u00bbaccrdn-003&Prime;][vc_column_text]<\/p>\n<h6><span style=\"vertical-align: inherit; color: #dda759;\"><span style=\"vertical-align: inherit;\">Appellation<\/span><\/span><\/h6>\n<p><span style=\"vertical-align: inherit;\">IGP Gard<\/span><\/p>\n<h6><span style=\"vertical-align: inherit; color: #dda759;\"><span style=\"vertical-align: inherit;\">Mill\u00e9sime<\/span><\/span><\/h6>\n<p>2019<\/p>\n<h6><span style=\"vertical-align: inherit; color: #dda759;\"><span style=\"vertical-align: inherit;\">C\u00e9page<\/span><\/span><\/h6>\n<p>100% Cabernet-Sauvignon<\/p>\n<h6><span style=\"color: #dda759;\">Maturation<\/span><\/h6>\n<p>1 Ans.<\/p>\n<h6><span style=\"vertical-align: inherit; color: #dda759;\">Temp\u00e9rature de service<\/span><\/h6>\n<p><span style=\"vertical-align: inherit;\">10 \u00b0C<\/span><\/p>\n<h6><span style=\"color: #dda759;\">Alcool (% vol.)<\/span><\/h6>\n<p>13%[\/vc_column_text][\/vc_tta_section][vc_tta_section i_type=\u00a0\u00bbdiwine\u00a0\u00bb i_icon_diwine=\u00a0\u00bboic-diwine1-033-wine-tasting\u00a0\u00bb add_icon=\u00a0\u00bbtrue\u00a0\u00bb title=\u00a0\u00bbAccompagnement\u00a0\u00bb tab_id=\u00a0\u00bb1564060057367-8eeec474-3b53&Prime;][vc_column_text]<span style=\"vertical-align: inherit;\">Parfait pour accompagner vos repas d&rsquo;\u00e9t\u00e9. (Barbecue)<\/span>[\/vc_column_text][\/vc_tta_section][vc_tta_section i_type=\u00a0\u00bbdiwine\u00a0\u00bb i_icon_diwine=\u00a0\u00bboic-diwine1-048-field\u00a0\u00bb add_icon=\u00a0\u00bbtrue\u00a0\u00bb title=\u00a0\u00bbTerroir\u00a0\u00bb tab_id=\u00a0\u00bb1564063966980-50868eb9-f717&Prime;][vc_column_text]Argilo calcaire[\/vc_column_text][\/vc_tta_section][\/vc_tta_accordion][\/vc_column][\/vc_row]<\/p>\n<\/div>","protected":false},"excerpt":{"rendered":"<p>[vc_row][vc_column][vc_column_text] Vin ros\u00e9 d&rsquo;\u00e9t\u00e9 \u00e0 la finale rafra\u00eechissante parfait pour accompagner vos repas d&rsquo;\u00e9t\u00e9 comme le barbecue par exemple. [\/vc_column_text][\/vc_column][\/vc_row][vc_row][vc_column][vc_tta_accordion shape=\u00a0\u00bbsquare\u00a0\u00bb color=\u00a0\u00bbwhite\u00a0\u00bb c_icon=\u00a0\u00bbchevron\u00a0\u00bb c_position=\u00a0\u00bbright\u00a0\u00bb active_section=\u00a0\u00bb\u00a0\u00bb collapsible_all=\u00a0\u00bbtrue\u00a0\u00bb][vc_tta_section i_type=\u00a0\u00bbdiwine\u00a0\u00bb add_icon=\u00a0\u00bbtrue\u00a0\u00bb title=\u00a0\u00bbNotes de [&hellip;]<\/p>\n","protected":false},"featured_media":3630,"template":"","meta":[],"product_cat":[59],"product_tag":[],"class_list":{"0":"post-3884","1":"product","2":"type-product","3":"status-publish","4":"has-post-thumbnail","6":"product_cat-rose","7":"has_thumb","8":null,"10":"first","11":"instock","12":"featured","13":"shipping-taxable","14":"product-type-simple"},"aioseo_notices":[],"_links":{"self":[{"href":"https:\/\/www.chateaumarjolet.com\/index.php\/wp-json\/wp\/v2\/product\/3884","targetHints":{"allow":["GET"]}}],"collection":[{"href":"https:\/\/www.chateaumarjolet.com\/index.php\/wp-json\/wp\/v2\/product"}],"about":[{"href":"https:\/\/www.chateaumarjolet.com\/index.php\/wp-json\/wp\/v2\/types\/product"}],"wp:featuredmedia":[{"embeddable":true,"href":"https:\/\/www.chateaumarjolet.com\/index.php\/wp-json\/wp\/v2\/media\/3630"}],"wp:attachment":[{"href":"https:\/\/www.chateaumarjolet.com\/index.php\/wp-json\/wp\/v2\/media?parent=3884"}],"wp:term":[{"taxonomy":"product_cat","embeddable":true,"href":"https:\/\/www.chateaumarjolet.com\/index.php\/wp-json\/wp\/v2\/product_cat?post=3884"},{"taxonomy":"product_tag","embeddable":true,"href":"https:\/\/www.chateaumarjolet.com\/index.php\/wp-json\/wp\/v2\/product_tag?post=3884"}],"curies":[{"name":"wp","href":"https:\/\/api.w.org\/{rel}","templated":true}]}}