{"id":3848,"date":"2019-09-09T11:48:35","date_gmt":"2019-09-09T09:48:35","guid":{"rendered":"https:\/\/www.chateaumarjolet.com\/?post_type=product&#038;p=3848"},"modified":"2020-10-13T11:42:07","modified_gmt":"2020-10-13T09:42:07","slug":"cotes-du-rhone-excellence","status":"publish","type":"product","link":"https:\/\/www.chateaumarjolet.com\/index.php\/product\/cotes-du-rhone-excellence\/","title":{"rendered":"Cuv\u00e9e Excellence <br> Laudun Rouge"},"content":{"rendered":"<div class=\"wpb-content-wrapper\"><p>[vc_row][vc_column][vc_column_text]<\/p>\n<h4>Vin \u00e9l\u00e9gant et frais avec une belle persistance des ar\u00f4mes de cerise noire et adouci par la vanille. Parfait pour accompagner un filet de b\u0153uf ou un gibier.<\/h4>\n<p>[\/vc_column_text][\/vc_column][\/vc_row][vc_row][vc_column][vc_tta_accordion shape=\u00a0\u00bbsquare\u00a0\u00bb color=\u00a0\u00bbwhite\u00a0\u00bb c_icon=\u00a0\u00bbchevron\u00a0\u00bb c_position=\u00a0\u00bbright\u00a0\u00bb active_section=\u00a0\u00bb\u00a0\u00bb collapsible_all=\u00a0\u00bbtrue\u00a0\u00bb][vc_tta_section i_type=\u00a0\u00bbdiwine\u00a0\u00bb add_icon=\u00a0\u00bbtrue\u00a0\u00bb title=\u00a0\u00bbNotes de D\u00e9gustation\u00a0\u00bb tab_id=\u00a0\u00bbacrdn-001&Prime;][vc_column_text]<\/p>\n<h6><span style=\"color: #dda759;\">Robe<\/span><\/h6>\n<p>Robe profonde, sombre aux reflets violets.<\/p>\n<h6><span style=\"color: #dda759;\">Ar\u00f4mes<\/span><\/h6>\n<p>Nez intense et tr\u00e8s complexe, d&rsquo;ar\u00f4mes de moka, de c\u00e8dre du Liban, de cuir frais, de fruits noirs tr\u00e8s m\u00fbrs. C&rsquo;est un vin \u00e9pic\u00e9 aux senteurs orientales.<\/p>\n<h6><span style=\"color: #dda759;\">Palais<\/span><\/h6>\n<p>Vin tr\u00e8s dense avec des tanins d&rsquo;une grande finesse, c&rsquo;est un vin \u00e9l\u00e9gant et frais avec une belle persistance des ar\u00f4mes de cerise noire et adoucie par la vanille.[\/vc_column_text][\/vc_tta_section][vc_tta_section i_type=\u00a0\u00bbdiwine\u00a0\u00bb i_icon_diwine=\u00a0\u00bboic-diwine1-037-grapes\u00a0\u00bb add_icon=\u00a0\u00bbtrue\u00a0\u00bb title=\u00a0\u00bbVinification\u00a0\u00bb tab_id=\u00a0\u00bbaccrdn-002&Prime;][vc_column_text]\u00c9grappage total, remontage, d\u00e9lestage journalier, 15 jours de cuvaison. Passage en f\u00fbts de ch\u00eane durant 12 mois.<\/p>\n<p>[\/vc_column_text][\/vc_tta_section][vc_tta_section i_type=\u00a0\u00bbdiwine\u00a0\u00bb i_icon_diwine=\u00a0\u00bboic-diwine1-031-barrel-1&Prime; add_icon=\u00a0\u00bbtrue\u00a0\u00bb title=\u00a0\u00bbInformations Techniques\u00a0\u00bb tab_id=\u00a0\u00bbaccrdn-003&Prime;][vc_column_text]<\/p>\n<h6><span style=\"color: #dda759;\">Appellation<\/span><\/h6>\n<p>C\u00f4tes du Rh\u00f4ne Villages Laudun<\/p>\n<h6><span style=\"vertical-align: inherit; color: #dda759;\"><span style=\"vertical-align: inherit;\">Mill\u00e9sime<\/span><\/span><\/h6>\n<p><span style=\"vertical-align: inherit;\">2018<\/span><\/p>\n<h6><span style=\"vertical-align: inherit; color: #dda759;\"><span style=\"vertical-align: inherit;\">C\u00e9page<\/span><\/span><\/h6>\n<p>100% Syrah<\/p>\n<h6><span style=\"color: #dda759;\">Maturation<\/span><\/h6>\n<p>10 Ans.<\/p>\n<h6><span style=\"vertical-align: inherit; color: #dda759;\">Temp\u00e9rature de service<\/span><\/h6>\n<p><span style=\"vertical-align: inherit;\">18 \u00b0C<\/span><\/p>\n<h6><span style=\"color: #dda759;\">Alcool (% vol.)<\/span><\/h6>\n<p>15%[\/vc_column_text][\/vc_tta_section][vc_tta_section i_type=\u00a0\u00bbdiwine\u00a0\u00bb i_icon_diwine=\u00a0\u00bboic-diwine1-033-wine-tasting\u00a0\u00bb add_icon=\u00a0\u00bbtrue\u00a0\u00bb title=\u00a0\u00bbAccompagnement\u00a0\u00bb tab_id=\u00a0\u00bb1564060057367-8eeec474-3b53&Prime;][vc_column_text]<span style=\"vertical-align: inherit;\">Filet de b\u0153uf ou gibier.<\/span>[\/vc_column_text][\/vc_tta_section][vc_tta_section i_type=\u00a0\u00bbdiwine\u00a0\u00bb i_icon_diwine=\u00a0\u00bboic-diwine1-048-field\u00a0\u00bb add_icon=\u00a0\u00bbtrue\u00a0\u00bb title=\u00a0\u00bbTerroir\u00a0\u00bb tab_id=\u00a0\u00bb1564063966980-50868eb9-f717&Prime;][vc_column_text]Galets roul\u00e9s[\/vc_column_text][\/vc_tta_section][\/vc_tta_accordion][\/vc_column][\/vc_row]<\/p>\n<\/div>","protected":false},"excerpt":{"rendered":"<p>[vc_row][vc_column][vc_column_text] Vin \u00e9l\u00e9gant et frais avec une belle persistance des ar\u00f4mes de cerise noire et adouci par la vanille. Parfait pour accompagner un filet de b\u0153uf ou un gibier. [\/vc_column_text][\/vc_column][\/vc_row][vc_row][vc_column][vc_tta_accordion [&hellip;]<\/p>\n","protected":false},"featured_media":3635,"template":"","meta":[],"product_cat":[100],"product_tag":[],"class_list":{"0":"post-3848","1":"product","2":"type-product","3":"status-publish","4":"has-post-thumbnail","6":"product_cat-rouge-fr","7":"has_thumb","8":null,"10":"first","11":"instock","12":"featured","13":"shipping-taxable","14":"product-type-simple"},"aioseo_notices":[],"_links":{"self":[{"href":"https:\/\/www.chateaumarjolet.com\/index.php\/wp-json\/wp\/v2\/product\/3848","targetHints":{"allow":["GET"]}}],"collection":[{"href":"https:\/\/www.chateaumarjolet.com\/index.php\/wp-json\/wp\/v2\/product"}],"about":[{"href":"https:\/\/www.chateaumarjolet.com\/index.php\/wp-json\/wp\/v2\/types\/product"}],"wp:featuredmedia":[{"embeddable":true,"href":"https:\/\/www.chateaumarjolet.com\/index.php\/wp-json\/wp\/v2\/media\/3635"}],"wp:attachment":[{"href":"https:\/\/www.chateaumarjolet.com\/index.php\/wp-json\/wp\/v2\/media?parent=3848"}],"wp:term":[{"taxonomy":"product_cat","embeddable":true,"href":"https:\/\/www.chateaumarjolet.com\/index.php\/wp-json\/wp\/v2\/product_cat?post=3848"},{"taxonomy":"product_tag","embeddable":true,"href":"https:\/\/www.chateaumarjolet.com\/index.php\/wp-json\/wp\/v2\/product_tag?post=3848"}],"curies":[{"name":"wp","href":"https:\/\/api.w.org\/{rel}","templated":true}]}}