{"id":57,"date":"2018-12-20T20:56:55","date_gmt":"2018-12-20T20:56:55","guid":{"rendered":"https:\/\/diwine.freevision.me\/?page_id=57"},"modified":"2023-01-19T15:19:16","modified_gmt":"2023-01-19T14:19:16","slug":"les-vins","status":"publish","type":"page","link":"https:\/\/www.chateaumarjolet.com\/index.php\/les-vins\/","title":{"rendered":"Les Vins"},"content":{"rendered":"<div class=\"wpb-content-wrapper\"><p>[vc_row hue=\u00a0\u00bb#ff0000&Prime; css=\u00a0\u00bb.vc_custom_1674137851175{margin-top: 0px !important;margin-bottom: 0px !important;padding-right: % !important;padding-bottom: 0px !important;}\u00a0\u00bb][vc_column offset=\u00a0\u00bbvc_hidden-xs\u00a0\u00bb]\n\t\t\t<!-- START Slider 2 REVOLUTION SLIDER 6.7.10 --><p class=\"rs-p-wp-fix\"><\/p>\n\t\t\t<rs-module-wrap id=\"rev_slider_18_1_wrapper\" data-source=\"gallery\" style=\"visibility:hidden;background:transparent;padding:0;margin:0px auto;margin-top:0;margin-bottom:0;\">\n\t\t\t\t<rs-module id=\"rev_slider_18_1\" style=\"\" data-version=\"6.7.10\">\n\t\t\t\t\t<rs-slides style=\"overflow: hidden; position: absolute;\">\n\t\t\t\t\t\t<rs-slide style=\"position: absolute;\" data-key=\"rs-56\" data-title=\"Slide\" data-in=\"o:0;\" data-out=\"a:false;\">\n\t\t\t\t\t\t\t<img decoding=\"async\" src=\"\/\/www.chateaumarjolet.com\/wp-content\/plugins\/revslider\/sr6\/assets\/assets\/dummy.png\" alt=\"\" title=\"Acceuil6.1\" width=\"1920\" height=\"1280\" class=\"rev-slidebg tp-rs-img rs-lazyload\" data-lazyload=\"\/\/www.chateaumarjolet.com\/wp-content\/uploads\/2019\/07\/Acceuil6.1.jpg\" data-no-retina>\n<!--\n\t\t\t\t\t\t\t--><rs-layer\n\t\t\t\t\t\t\t\tid=\"slider-18-slide-56-layer-0\" \n\t\t\t\t\t\t\t\tdata-type=\"shape\"\n\t\t\t\t\t\t\t\tdata-rsp_ch=\"on\"\n\t\t\t\t\t\t\t\tdata-xy=\"xo:73px,60px,21px,21px;yo:508px,419px,498px,498px;\"\n\t\t\t\t\t\t\t\tdata-text=\"w:normal;\"\n\t\t\t\t\t\t\t\tdata-dim=\"w:510px,421px,463px,463px;h:158px,130px,142px,142px;\"\n\t\t\t\t\t\t\t\tdata-frame_999=\"o:0;st:w;\"\n\t\t\t\t\t\t\t\tstyle=\"z-index:6;background-color:rgba(0,0,0,0.5);\"\n\t\t\t\t\t\t\t> \n\t\t\t\t\t\t\t<\/rs-layer><!--\n\n\t\t\t\t\t\t\t--><rs-layer\n\t\t\t\t\t\t\t\tid=\"slider-18-slide-56-layer-2\" \n\t\t\t\t\t\t\t\tdata-type=\"text\"\n\t\t\t\t\t\t\t\tdata-rsp_ch=\"on\"\n\t\t\t\t\t\t\t\tdata-xy=\"xo:91px,75px,27px,27px;yo:584px,482px,559px,559px;\"\n\t\t\t\t\t\t\t\tdata-text=\"w:normal;s:19,15,18,18;l:24,19,24,24;\"\n\t\t\t\t\t\t\t\tdata-frame_999=\"o:0;st:w;\"\n\t\t\t\t\t\t\t\tstyle=\"z-index:8;font-family:'Roboto';\"\n\t\t\t\t\t\t\t>Des vins de caract\u00e8res simples et g\u00e9n\u00e9reux, reflets du <br \/>Terroir o\u00f9 ils sont n\u00e9s. \n\t\t\t\t\t\t\t<\/rs-layer><!--\n\n\t\t\t\t\t\t\t--><rs-layer\n\t\t\t\t\t\t\t\tid=\"slider-18-slide-56-layer-4\" \n\t\t\t\t\t\t\t\tdata-type=\"text\"\n\t\t\t\t\t\t\t\tdata-color=\"#dda759\"\n\t\t\t\t\t\t\t\tdata-rsp_ch=\"on\"\n\t\t\t\t\t\t\t\tdata-xy=\"xo:95px,78px,60px,60px;yo:531px,438px,521px,521px;\"\n\t\t\t\t\t\t\t\tdata-text=\"w:normal;s:33,27,27,27;l:37,30,29,29;ls:1,0,0,1;fw:800;\"\n\t\t\t\t\t\t\t\tdata-dim=\"minh:0,none,none,0;\"\n\t\t\t\t\t\t\t\tdata-frame_999=\"o:0;st:w;\"\n\t\t\t\t\t\t\t\tstyle=\"z-index:10;font-family:'Georgia', 'serif';font-style:italic;\"\n\t\t\t\t\t\t\t>Venez d\u00e9couvrir nos vins \n\t\t\t\t\t\t\t<\/rs-layer><!--\n-->\t\t\t\t\t<\/rs-slide>\n\t\t\t\t\t<\/rs-slides>\n\t\t\t\t<\/rs-module>\n\t\t\t\t<script>\n\t\t\t\t\tsetREVStartSize({c: 'rev_slider_18_1',rl:[1240,1024,768,768],el:[900,768,960,960],gw:[1240,1024,778,778],gh:[900,768,960,960],type:'standard',justify:'',layout:'fullwidth',mh:\"0\"});if (window.RS_MODULES!==undefined && window.RS_MODULES.modules!==undefined && window.RS_MODULES.modules[\"revslider181\"]!==undefined) {window.RS_MODULES.modules[\"revslider181\"].once = false;window.revapi18 = undefined;if (window.RS_MODULES.checkMinimal!==undefined) window.RS_MODULES.checkMinimal()}\n\t\t\t\t<\/script>\n\t\t\t<\/rs-module-wrap>\n\t\t\t<!-- END REVOLUTION SLIDER -->\n[\/vc_column][\/vc_row][vc_row hue=\u00a0\u00bb#ff0000&Prime; css=\u00a0\u00bb.vc_custom_1546346173091{margin-top: 0px !important;margin-bottom: 0px !important;padding-top: 60px !important;padding-right: 15% !important;padding-bottom: 0px !important;padding-left: 15% !important;}\u00a0\u00bb][vc_column][vc_custom_heading text=\u00a0\u00bb<i>Nos produits<\/i>\u00a0\u00bb font_container=\u00a0\u00bbtag:h1|text_align:center\u00a0\u00bb use_theme_fonts=\u00a0\u00bbyes\u00a0\u00bb][\/vc_column][\/vc_row][vc_row full_height=\u00a0\u00bbyes\u00a0\u00bb columns_placement=\u00a0\u00bbtop\u00a0\u00bb content_placement=\u00a0\u00bbtop\u00a0\u00bb css=\u00a0\u00bb.vc_custom_1546364659643{margin-bottom: 0px !important;padding-bottom: 60px !important;}\u00a0\u00bb][vc_column][vc_basic_grid post_type=\u00a0\u00bbproduct\u00a0\u00bb max_items=\u00a0\u00bb1000&Prime; element_width=\u00a0\u00bb3&Prime; order=\u00a0\u00bbASC\u00a0\u00bb item=\u00a0\u00bb104&Prime; initial_loading_animation=\u00a0\u00bbpulse\u00a0\u00bb grid_id=\u00a0\u00bbvc_gid:1674137823617-dbf4961b-f371-9&Prime;][\/vc_column][\/vc_row]<\/p>\n<\/div>","protected":false},"excerpt":{"rendered":"<p>[vc_row hue=\u00a0\u00bb#ff0000&Prime; css=\u00a0\u00bb.vc_custom_1674137851175{margin-top: 0px !important;margin-bottom: 0px !important;padding-right: % !important;padding-bottom: 0px !important;}\u00a0\u00bb][vc_column offset=\u00a0\u00bbvc_hidden-xs\u00a0\u00bb][\/vc_column][\/vc_row][vc_row hue=\u00a0\u00bb#ff0000&Prime; css=\u00a0\u00bb.vc_custom_1546346173091{margin-top: 0px !important;margin-bottom: 0px !important;padding-top: 60px !important;padding-right: 15% !important;padding-bottom: 0px !important;padding-left: 15% !important;}\u00a0\u00bb][vc_column][vc_custom_heading text=\u00a0\u00bbNos produits\u00a0\u00bb font_container=\u00a0\u00bbtag:h1|text_align:center\u00a0\u00bb use_theme_fonts=\u00a0\u00bbyes\u00a0\u00bb][\/vc_column][\/vc_row][vc_row [&hellip;]<\/p>\n","protected":false},"author":1,"featured_media":0,"parent":0,"menu_order":0,"comment_status":"closed","ping_status":"closed","template":"page-transparent-menu.php","meta":{"footnotes":""},"class_list":["post-57","page","type-page","status-publish","hentry",null],"aioseo_notices":[],"_links":{"self":[{"href":"https:\/\/www.chateaumarjolet.com\/index.php\/wp-json\/wp\/v2\/pages\/57","targetHints":{"allow":["GET"]}}],"collection":[{"href":"https:\/\/www.chateaumarjolet.com\/index.php\/wp-json\/wp\/v2\/pages"}],"about":[{"href":"https:\/\/www.chateaumarjolet.com\/index.php\/wp-json\/wp\/v2\/types\/page"}],"author":[{"embeddable":true,"href":"https:\/\/www.chateaumarjolet.com\/index.php\/wp-json\/wp\/v2\/users\/1"}],"replies":[{"embeddable":true,"href":"https:\/\/www.chateaumarjolet.com\/index.php\/wp-json\/wp\/v2\/comments?post=57"}],"version-history":[{"count":59,"href":"https:\/\/www.chateaumarjolet.com\/index.php\/wp-json\/wp\/v2\/pages\/57\/revisions"}],"predecessor-version":[{"id":4123,"href":"https:\/\/www.chateaumarjolet.com\/index.php\/wp-json\/wp\/v2\/pages\/57\/revisions\/4123"}],"wp:attachment":[{"href":"https:\/\/www.chateaumarjolet.com\/index.php\/wp-json\/wp\/v2\/media?parent=57"}],"curies":[{"name":"wp","href":"https:\/\/api.w.org\/{rel}","templated":true}]}}