{"id":4044,"date":"2020-01-29T13:59:40","date_gmt":"2020-01-29T12:59:40","guid":{"rendered":"https:\/\/www.chateaumarjolet.com\/?page_id=4044"},"modified":"2023-01-19T16:15:26","modified_gmt":"2023-01-19T15:15:26","slug":"our-gite","status":"publish","type":"page","link":"https:\/\/www.chateaumarjolet.com\/index.php\/en\/our-gite\/","title":{"rendered":"Our G\u00eete"},"content":{"rendered":"<div class=\"wpb-content-wrapper\"><p>[vc_row full_width=\u00a0\u00bbstretch_row\u00a0\u00bb full_height=\u00a0\u00bbyes\u00a0\u00bb columns_placement=\u00a0\u00bbbottom\u00a0\u00bb css=\u00a0\u00bb.vc_custom_1580307200779{margin-bottom: 0px !important;padding-bottom: 160px !important;background-image: url(https:\/\/www.chateaumarjolet.com\/wp-content\/uploads\/2020\/01\/DSC9096-HDR-1.jpg?id=4072) !important;background-position: center !important;background-repeat: no-repeat !important;background-size: cover !important;}\u00a0\u00bb][vc_column]<div class=\"ozy-overlap_caption custom-font-on \"><h2 style=\"color:#dda759;\" >Our<\/h2><h3 style=\"color:#ffffff;\" >G\u00eete<\/h3><\/div>[vc_empty_space height=\u00a0\u00bb300px\u00a0\u00bb][\/vc_column][\/vc_row][vc_row][vc_column]\n<div class=\"ozy-image_with_featured_content style-overlapped shadow-box  stellar  content_right  \" style=\"min-height:640px\">\n<div><div style=\"background-image:url(https:\/\/www.chateaumarjolet.com\/wp-content\/uploads\/2020\/01\/DSC8983-HDR-1.jpg)\"><img decoding=\"async\" src=\"https:\/\/www.chateaumarjolet.com\/wp-content\/uploads\/2020\/01\/DSC8983-HDR-1.jpg\" style=\"width:100%;height:100%;visibility:hidden;z-index:-1;\"\/><\/div><\/div><div  style=\"background-color:#f7f8f6;\" class=\"has-bg-color\"  data-stellar-ratio=\"1.3\">[vc_custom_heading text=\u00a0\u00bbThe G\u00eete\u00a0\u00bb][vc_column_text]Within the farm, our 300m\u00b2 gite, located in the heart of the village, offers all the necessary comfort to accommodate 8 people. With its 4 bedrooms, 3 bathrooms and its swimming pool on the roof terrace, everyone can take full advantage of the house for a pleasant stay.[\/vc_column_text]<\/div><\/div>[vc_empty_space height=\u00a0\u00bb80px\u00a0\u00bb][\/vc_column][\/vc_row][vc_row css_animation=\u00a0\u00bbnone\u00a0\u00bb image=\u00a0\u00bb3973,3976,4002,3977,3980,3981,3983,3984,3985,3986,3987,3988,3989,3991,3992,3994,3996,3997,3998,3999&Prime; column_count=\u00a0\u00bb4&Prime;][vc_column]<ul class=\"ozy-mosaic_gallery none\" id=\"mosaic-gallery-1\"><div class=\"grid-sizer\"><\/div><div class=\"gutter-sizer\"><\/div><li class=\"gallery-item\"><a href=\"https:\/\/www.chateaumarjolet.com\/wp-content\/uploads\/2020\/01\/cid_part7_BCD7BFA7_96EDDDEB@gmail.jpg\"><img decoding=\"async\" src=\"https:\/\/www.chateaumarjolet.com\/wp-content\/uploads\/2020\/01\/cid_part7_BCD7BFA7_96EDDDEB@gmail.jpg\" alt=\"\"\/><span><\/span><\/a><\/li><li class=\"gallery-item\"><a href=\"https:\/\/www.chateaumarjolet.com\/wp-content\/uploads\/2020\/01\/cid_part8_1E12A3D8_C8BE7CA3@gmail.jpg\"><img decoding=\"async\" src=\"https:\/\/www.chateaumarjolet.com\/wp-content\/uploads\/2020\/01\/cid_part8_1E12A3D8_C8BE7CA3@gmail.jpg\" alt=\"\"\/><span><\/span><\/a><\/li><li class=\"gallery-item\"><a href=\"https:\/\/www.chateaumarjolet.com\/wp-content\/uploads\/2020\/01\/DSC9096-HDR.jpg\"><img decoding=\"async\" src=\"https:\/\/www.chateaumarjolet.com\/wp-content\/uploads\/2020\/01\/DSC9096-HDR.jpg\" alt=\"\"\/><span><\/span><\/a><\/li><li class=\"gallery-item\"><a href=\"https:\/\/www.chateaumarjolet.com\/wp-content\/uploads\/2020\/01\/cid_part9_EC20E7E1_58888CB5@gmail.jpg\"><img decoding=\"async\" src=\"https:\/\/www.chateaumarjolet.com\/wp-content\/uploads\/2020\/01\/cid_part9_EC20E7E1_58888CB5@gmail.jpg\" alt=\"\"\/><span><\/span><\/a><\/li><li class=\"gallery-item\"><a href=\"https:\/\/www.chateaumarjolet.com\/wp-content\/uploads\/2020\/01\/DSC8972-HDR-Modifier.jpg\"><img decoding=\"async\" src=\"https:\/\/www.chateaumarjolet.com\/wp-content\/uploads\/2020\/01\/DSC8972-HDR-Modifier.jpg\" alt=\"\"\/><span><\/span><\/a><\/li><li class=\"gallery-item\"><a href=\"https:\/\/www.chateaumarjolet.com\/wp-content\/uploads\/2020\/01\/DSC8976-HDR.jpg\"><img decoding=\"async\" src=\"https:\/\/www.chateaumarjolet.com\/wp-content\/uploads\/2020\/01\/DSC8976-HDR.jpg\" alt=\"\"\/><span><\/span><\/a><\/li><li class=\"gallery-item\"><a href=\"https:\/\/www.chateaumarjolet.com\/wp-content\/uploads\/2020\/01\/DSC8983-HDR.jpg\"><img decoding=\"async\" src=\"https:\/\/www.chateaumarjolet.com\/wp-content\/uploads\/2020\/01\/DSC8983-HDR.jpg\" alt=\"\"\/><span><\/span><\/a><\/li><li class=\"gallery-item\"><a href=\"https:\/\/www.chateaumarjolet.com\/wp-content\/uploads\/2020\/01\/DSC8988-HDR.jpg\"><img decoding=\"async\" src=\"https:\/\/www.chateaumarjolet.com\/wp-content\/uploads\/2020\/01\/DSC8988-HDR.jpg\" alt=\"\"\/><span><\/span><\/a><\/li><li class=\"gallery-item\"><a href=\"https:\/\/www.chateaumarjolet.com\/wp-content\/uploads\/2020\/01\/DSC8995-HDR-Modifier.jpg\"><img decoding=\"async\" src=\"https:\/\/www.chateaumarjolet.com\/wp-content\/uploads\/2020\/01\/DSC8995-HDR-Modifier.jpg\" alt=\"\"\/><span><\/span><\/a><\/li><li class=\"gallery-item\"><a href=\"https:\/\/www.chateaumarjolet.com\/wp-content\/uploads\/2020\/01\/DSC9002-HDR.jpg\"><img decoding=\"async\" src=\"https:\/\/www.chateaumarjolet.com\/wp-content\/uploads\/2020\/01\/DSC9002-HDR.jpg\" alt=\"\"\/><span><\/span><\/a><\/li><li class=\"gallery-item\"><a href=\"https:\/\/www.chateaumarjolet.com\/wp-content\/uploads\/2020\/01\/DSC9004-HDR-Modifier.jpg\"><img decoding=\"async\" src=\"https:\/\/www.chateaumarjolet.com\/wp-content\/uploads\/2020\/01\/DSC9004-HDR-Modifier.jpg\" alt=\"\"\/><span><\/span><\/a><\/li><li class=\"gallery-item\"><a href=\"https:\/\/www.chateaumarjolet.com\/wp-content\/uploads\/2020\/01\/DSC9010-HDR.jpg\"><img decoding=\"async\" src=\"https:\/\/www.chateaumarjolet.com\/wp-content\/uploads\/2020\/01\/DSC9010-HDR.jpg\" alt=\"\"\/><span><\/span><\/a><\/li><li class=\"gallery-item\"><a href=\"https:\/\/www.chateaumarjolet.com\/wp-content\/uploads\/2020\/01\/DSC9016-HDR-Modifier.jpg\"><img decoding=\"async\" src=\"https:\/\/www.chateaumarjolet.com\/wp-content\/uploads\/2020\/01\/DSC9016-HDR-Modifier.jpg\" alt=\"\"\/><span><\/span><\/a><\/li><li class=\"gallery-item\"><a href=\"https:\/\/www.chateaumarjolet.com\/wp-content\/uploads\/2020\/01\/DSC9032-HDR-Modifier.jpg\"><img decoding=\"async\" src=\"https:\/\/www.chateaumarjolet.com\/wp-content\/uploads\/2020\/01\/DSC9032-HDR-Modifier.jpg\" alt=\"\"\/><span><\/span><\/a><\/li><li class=\"gallery-item\"><a href=\"https:\/\/www.chateaumarjolet.com\/wp-content\/uploads\/2020\/01\/DSC9038-HDR-Modifier.jpg\"><img decoding=\"async\" src=\"https:\/\/www.chateaumarjolet.com\/wp-content\/uploads\/2020\/01\/DSC9038-HDR-Modifier.jpg\" alt=\"\"\/><span><\/span><\/a><\/li><li class=\"gallery-item\"><a href=\"https:\/\/www.chateaumarjolet.com\/wp-content\/uploads\/2020\/01\/DSC9045-HDR.jpg\"><img decoding=\"async\" src=\"https:\/\/www.chateaumarjolet.com\/wp-content\/uploads\/2020\/01\/DSC9045-HDR.jpg\" alt=\"\"\/><span><\/span><\/a><\/li><li class=\"gallery-item\"><a href=\"https:\/\/www.chateaumarjolet.com\/wp-content\/uploads\/2020\/01\/DSC9054-HDR-Modifier.jpg\"><img decoding=\"async\" src=\"https:\/\/www.chateaumarjolet.com\/wp-content\/uploads\/2020\/01\/DSC9054-HDR-Modifier.jpg\" alt=\"\"\/><span><\/span><\/a><\/li><li class=\"gallery-item\"><a href=\"https:\/\/www.chateaumarjolet.com\/wp-content\/uploads\/2020\/01\/DSC9063-HDR-Modifier.jpg\"><img decoding=\"async\" src=\"https:\/\/www.chateaumarjolet.com\/wp-content\/uploads\/2020\/01\/DSC9063-HDR-Modifier.jpg\" alt=\"\"\/><span><\/span><\/a><\/li><li class=\"gallery-item\"><a href=\"https:\/\/www.chateaumarjolet.com\/wp-content\/uploads\/2020\/01\/DSC9069-HDR-Modifier.jpg\"><img decoding=\"async\" src=\"https:\/\/www.chateaumarjolet.com\/wp-content\/uploads\/2020\/01\/DSC9069-HDR-Modifier.jpg\" alt=\"\"\/><span><\/span><\/a><\/li><li class=\"gallery-item\"><a href=\"https:\/\/www.chateaumarjolet.com\/wp-content\/uploads\/2020\/01\/DSC9075-HDR-Modifier.jpg\"><img decoding=\"async\" src=\"https:\/\/www.chateaumarjolet.com\/wp-content\/uploads\/2020\/01\/DSC9075-HDR-Modifier.jpg\" alt=\"\"\/><span><\/span><\/a><\/li><\/ul>[vc_empty_space][\/vc_column][\/vc_row][vc_row equal_height=\u00a0\u00bbyes\u00a0\u00bb fading_background_color=\u00a0\u00bbon\u00a0\u00bb fade_color_1=\u00a0\u00bb#ffffff\u00a0\u00bb fade_color_2=\u00a0\u00bb#0a0a0a\u00a0\u00bb fade_color_apply_to_body=\u00a0\u00bbon\u00a0\u00bb hue=\u00a0\u00bb#ff0000&Prime; el_class=\u00a0\u00bbzero-column-gap\u00a0\u00bb css=\u00a0\u00bb.vc_custom_1580307137968{margin-top: 0px !important;margin-bottom: 0px !important;}\u00a0\u00bb][vc_column width=\u00a0\u00bb1\/3&Prime;]<div id=\"ooivbx-2\" class=\"ozy-image_video_box  no-hover \" style=\"\">\n<div class=\"overlay\"><\/div><a  class=\"caption\"><h2>Near<\/h2><p>You will be close to the Duchy of Uz\u00e8s and the Pont du Gard (20 min), the City of the Popes of Avignon (30 min) and the ancient city of N\u00eemes (40 min). The seaside resorts of Grau du Roi, Grande Motte and Port Camargue are 1 hour away. Depending on the period, the price varies between 90 \u20ac and 170 \u20ac with a minimum of 4 nights.<\/p><\/a><\/div>\n<div id=\"ooivbx-3\" class=\"ozy-image_video_box   \" style=\"background-image:url(https:\/\/www.chateaumarjolet.com\/wp-content\/uploads\/2020\/01\/avignon-1.jpg);\">\n<div class=\"overlay\"><\/div><a  class=\"caption\"><h2>The City of the Popes<\/h2><p>Avignon, city of Provence in the south-east of France, is crossed by the Rh\u00f4ne. From 1309 to 1377, the Catholic popes elected residence in the city. It remained under the pontifical reign until 1791, when it was attached to France.<\/p><\/a><\/div>\n[\/vc_column][vc_column width=\u00a0\u00bb1\/3&Prime;]<div id=\"ooivbx-4\" class=\"ozy-image_video_box   \" style=\"background-image:url(https:\/\/www.chateaumarjolet.com\/wp-content\/uploads\/2020\/01\/PPFIh8f-3ZqJ52QgpKMX2_hgPAw-1.jpg);\">\n<div class=\"overlay\"><\/div><a  class=\"caption\"><h2>The Duchy of Uzes<\/h2><p>Le duch\u00e9-d&#039;uz\u00e8s is a French wine with a controlled designation of origin that is part of the Rh\u00f4ne valley vineyard. Located at the extreme southwest of the Rh\u00f4ne valley, northwest of the costi\u00e8res-de-n\u00eemes and south of the C\u00e9vennes, this appellation produces mainly red, ros\u00e9 and white wines.<\/p><\/a><\/div>\n<div id=\"ooivbx-5\" class=\"ozy-image_video_box   \" style=\"background-image:url(https:\/\/www.chateaumarjolet.com\/wp-content\/uploads\/2020\/01\/Nimes-au-coeur-de-la-cite-antique-RMC-Decouverte-L-Heritage-des-Romains-1.jpg);\">\n<div class=\"overlay\"><\/div><a  class=\"caption\"><h2>The Arena of N\u00eemes<\/h2><p>The arenas of N\u00eemes are a Roman amphitheater built towards the end of the I\u1d49\u02b3 century in the French city of N\u00eemes, in the Gard. The construction of the building began around 90 AD, or even a little later because of its level of architectural perfection.<\/p><\/a><\/div>\n[\/vc_column][vc_column width=\u00a0\u00bb1\/3&Prime;]<div id=\"ooivbx-6\" class=\"ozy-image_video_box   \" style=\"background-image:url(https:\/\/www.chateaumarjolet.com\/wp-content\/uploads\/2020\/01\/pont-du-gard-1.jpg);\">\n<div class=\"overlay\"><\/div><a  class=\"caption\"><h2>Pont du Gard<\/h2><p>The Pont du Gard is a three-level bridge intended for the passage of a Roman aqueduct. It is located in Vers-Pont-du-Gard between Uz\u00e8s and Remoulins, not far from N\u00eemes, in the French department of Gard. It spans the Gardon.<\/p><\/a><\/div>\n<div id=\"ooivbx-7\" class=\"ozy-image_video_box   \" style=\"background-image:url(https:\/\/www.chateaumarjolet.com\/wp-content\/uploads\/2020\/01\/le-grau-du-roi1-1.jpg);\">\n<div class=\"overlay\"><\/div><a  class=\"caption\"><h2>Seaside Resorts<\/h2><p>The seaside resorts of Grau du Roi, Grande Motte and Port Camargue are 1 hour away.<\/p><\/a><\/div>\n[\/vc_column][\/vc_row][vc_row title=\u00a0\u00bbR\u00e9server\u00a0\u00bb link=\u00a0\u00bburl:https%3A%2F%2Fwww.chateaumarjolet.com%2Findex.php%2Fcontact%2F|title:Contact|target:%20_blank|\u00a0\u00bb fg_color=\u00a0\u00bb#dda759&Prime; fg_color_hover=\u00a0\u00bb#ffffff\u00a0\u00bb bg_color=\u00a0\u00bb#dda759&Prime; bg_color_active=\u00a0\u00bb#dda759&Prime; button_style=\u00a0\u00bbbtn-0&Prime; button_align=\u00a0\u00bbleft\u00a0\u00bb][vc_column]<span  id=\"wofcb-8\" class=\"ozy-custom_button_w\"><a id=\"ofcb-8\" style=\"--data-bordercolor:#dda759;--data-bordercolor-hover:#dda759\" class=\"ozy-custom_button ocbtn-0\"  href=\"https:\/\/www.chateaumarjolet.com\/index.php\/contact\/\"  target=\"_blank\" >Book now<\/a><\/span>[\/vc_column][\/vc_row]<\/p>\n<\/div>","protected":false},"excerpt":{"rendered":"<p>[vc_row full_width=\u00a0\u00bbstretch_row\u00a0\u00bb full_height=\u00a0\u00bbyes\u00a0\u00bb columns_placement=\u00a0\u00bbbottom\u00a0\u00bb css=\u00a0\u00bb.vc_custom_1580307200779{margin-bottom: 0px !important;padding-bottom: 160px !important;background-image: url(https:\/\/www.chateaumarjolet.com\/wp-content\/uploads\/2020\/01\/DSC9096-HDR-1.jpg?id=4072) !important;background-position: center !important;background-repeat: no-repeat !important;background-size: cover !important;}\u00a0\u00bb][vc_column][vc_empty_space height=\u00a0\u00bb300px\u00a0\u00bb][\/vc_column][\/vc_row][vc_row][vc_column][vc_empty_space height=\u00a0\u00bb80px\u00a0\u00bb][\/vc_column][\/vc_row][vc_row css_animation=\u00a0\u00bbnone\u00a0\u00bb image=\u00a0\u00bb3973,3976,4002,3977,3980,3981,3983,3984,3985,3986,3987,3988,3989,3991,3992,3994,3996,3997,3998,3999&Prime; column_count=\u00a0\u00bb4&Prime;][vc_column][vc_empty_space][\/vc_column][\/vc_row][vc_row equal_height=\u00a0\u00bbyes\u00a0\u00bb fading_background_color=\u00a0\u00bbon\u00a0\u00bb fade_color_1=\u00a0\u00bb#ffffff\u00a0\u00bb fade_color_2=\u00a0\u00bb#0a0a0a\u00a0\u00bb fade_color_apply_to_body=\u00a0\u00bbon\u00a0\u00bb hue=\u00a0\u00bb#ff0000&Prime; el_class=\u00a0\u00bbzero-column-gap\u00a0\u00bb css=\u00a0\u00bb.vc_custom_1580307137968{margin-top: [&hellip;]<\/p>\n","protected":false},"author":1,"featured_media":0,"parent":0,"menu_order":0,"comment_status":"closed","ping_status":"closed","template":"page-transparent-menu.php","meta":{"footnotes":""},"class_list":["post-4044","page","type-page","status-publish","hentry",null],"aioseo_notices":[],"_links":{"self":[{"href":"https:\/\/www.chateaumarjolet.com\/index.php\/wp-json\/wp\/v2\/pages\/4044","targetHints":{"allow":["GET"]}}],"collection":[{"href":"https:\/\/www.chateaumarjolet.com\/index.php\/wp-json\/wp\/v2\/pages"}],"about":[{"href":"https:\/\/www.chateaumarjolet.com\/index.php\/wp-json\/wp\/v2\/types\/page"}],"author":[{"embeddable":true,"href":"https:\/\/www.chateaumarjolet.com\/index.php\/wp-json\/wp\/v2\/users\/1"}],"replies":[{"embeddable":true,"href":"https:\/\/www.chateaumarjolet.com\/index.php\/wp-json\/wp\/v2\/comments?post=4044"}],"version-history":[{"count":11,"href":"https:\/\/www.chateaumarjolet.com\/index.php\/wp-json\/wp\/v2\/pages\/4044\/revisions"}],"predecessor-version":[{"id":4126,"href":"https:\/\/www.chateaumarjolet.com\/index.php\/wp-json\/wp\/v2\/pages\/4044\/revisions\/4126"}],"wp:attachment":[{"href":"https:\/\/www.chateaumarjolet.com\/index.php\/wp-json\/wp\/v2\/media?parent=4044"}],"curies":[{"name":"wp","href":"https:\/\/api.w.org\/{rel}","templated":true}]}}