{"id":3219,"date":"2019-07-25T14:57:10","date_gmt":"2019-07-25T12:57:10","guid":{"rendered":"https:\/\/www.chateaumarjolet.com\/?page_id=3219"},"modified":"2023-03-10T13:58:26","modified_gmt":"2023-03-10T12:58:26","slug":"homepage-03-2","status":"publish","type":"page","link":"https:\/\/www.chateaumarjolet.com\/index.php\/en\/homepage-03-2\/","title":{"rendered":"Home"},"content":{"rendered":"<div class=\"wpb-content-wrapper\"><p>[vc_row full_width=\u00a0\u00bbstretch_row_content_no_spaces\u00a0\u00bb bottom_arrow=\u00a0\u00bbon\u00a0\u00bb bottom_arrow_color=\u00a0\u00bb#ffffff\u00a0\u00bb hue=\u00a0\u00bb#ff0000&Prime; css=\u00a0\u00bb.vc_custom_1567777061349{margin-top: 0px !important;margin-right: 0px !important;margin-bottom: 0px !important;margin-left: 0px !important;padding-top: 0px !important;padding-right: 0px !important;padding-bottom: 0px !important;padding-left: 0px !important;}\u00a0\u00bb][vc_column css=\u00a0\u00bb.vc_custom_1547814791518{margin-top: 0px !important;margin-bottom: 0px !important;padding-top: 0px !important;padding-bottom: 0px !important;}\u00a0\u00bb][vc_empty_space][vc_text_separator title=\u00a0\u00bbIn the breasts of the Pontaud family for several generations\u00a0\u00bb color=\u00a0\u00bbblack\u00a0\u00bb el_width=\u00a0\u00bb80&Prime; css_animation=\u00a0\u00bbfadeIn\u00a0\u00bb][vc_column_text]<\/p>\n<h3 style=\"text-align: center;\">Bernard and Fran\u00e7oise have gradually given way to their children:<br \/>\nLaurent and Sophie.<\/h3>\n<p>[\/vc_column_text][\/vc_column][\/vc_row][vc_row full_width=\u00a0\u00bbstretch_row_content_no_spaces\u00a0\u00bb hue=\u00a0\u00bb#ff0000&Prime; css=\u00a0\u00bb.vc_custom_1567776875306{margin-top: 0px !important;margin-right: 0px !important;margin-bottom: 0px !important;margin-left: 0px !important;padding-top: 0px !important;padding-right: 0px !important;padding-bottom: 0px !important;padding-left: 0px !important;background-image: url(https:\/\/www.chateaumarjolet.com\/wp-content\/uploads\/2019\/09\/topographic_bg_v1-min.png?id=3818) !important;}\u00a0\u00bb][vc_column css=\u00a0\u00bb.vc_custom_1547814791518{margin-top: 0px !important;margin-bottom: 0px !important;padding-top: 0px !important;padding-bottom: 0px !important;}\u00a0\u00bb][vc_single_image image=\u00a0\u00bb3816&Prime; img_size=\u00a0\u00bb1400&#215;900&Prime; alignment=\u00a0\u00bbcenter\u00a0\u00bb parallax_ratio=\u00a0\u00bb1&Prime; css=\u00a0\u00bb.vc_custom_1567776840828{margin-top: 0px !important;margin-right: 0px !important;margin-bottom: 0px !important;margin-left: 0px !important;padding-top: 0px !important;padding-right: 0px !important;padding-bottom: 0px !important;padding-left: 0px !important;background-image: url(https:\/\/www.chateaumarjolet.com\/wp-content\/uploads\/2019\/09\/topographic_bg_v1-min.png?id=3818) !important;}\u00a0\u00bb][\/vc_column][\/vc_row][vc_row full_width=\u00a0\u00bbstretch_row_content_no_spaces\u00a0\u00bb content_placement=\u00a0\u00bbmiddle\u00a0\u00bb css=\u00a0\u00bb.vc_custom_1567777101101{margin-top: 0px !important;margin-right: 0px !important;margin-bottom: 0px !important;margin-left: 0px !important;padding-top: 0px !important;padding-right: 0px !important;padding-bottom: 0px !important;padding-left: 0px !important;background-color: #f7f3e8 !important;}\u00a0\u00bb el_id=\u00a0\u00bbintro\u00a0\u00bb][vc_column css=\u00a0\u00bb.vc_custom_1547811480475{margin: 0px !important;padding: 0px !important;}\u00a0\u00bb][vc_empty_space][vc_column_text]<\/p>\n<h1 style=\"text-align: center;\"><span style=\"color: #dda759;\"><em>Our Wines<\/em><\/span><\/h1>\n<p>&nbsp;<\/p>\n<h4 style=\"text-align: center;\">Located in the southern part of the C\u00f4tes du Rh\u00f4ne, the vineyard covers 80 hectares in the communes of Gaujac and Laudun.<\/h4>\n<h4 style=\"text-align: center;\">Ch\u00e2teau de Marjolet produces a wide range of C\u00f4tes du Rh\u00f4ne and C\u00f4tes du Rh\u00f4ne Villages.<\/h4>\n<h4><\/h4>\n<p>[\/vc_column_text]<span  id=\"wofcb-1\" class=\"ozy-custom_button_w\"><a id=\"ofcb-1\" style=\"--data-bordercolor:#000000;--data-bordercolor-hover:#dda759\" class=\"ozy-custom_button ocbtn-13\"  href=\"https:\/\/www.chateaumarjolet.com\/index.php\/en\/our-wines\/\"  target=\"_blank\" >See Our Wines<\/a><\/span>[vc_empty_space][\/vc_column][\/vc_row][vc_row full_width=\u00a0\u00bbstretch_row_content_no_spaces\u00a0\u00bb content_placement=\u00a0\u00bbbottom\u00a0\u00bb bg_slider=\u00a0\u00bbbubbles\u00a0\u00bb zero_padding_on_mobile=\u00a0\u00bbon\u00a0\u00bb hue=\u00a0\u00bb#ff0000&Prime; css=\u00a0\u00bb.vc_custom_1564752347226{margin-bottom: -20px !important;background-image: url(https:\/\/www.chateaumarjolet.com\/wp-content\/uploads\/2019\/07\/topographic_bg_v1-min.png?id=3171) !important;background-position: center !important;background-repeat: no-repeat !important;background-size: cover !important;}\u00a0\u00bb][vc_column]<div class=\"flickity-carousel-wrapper wpb_content_element\"><div class=\"carousel flickity-carousel  pagedots-true item-count-4\" data-flickity='{ \"imagesLoaded\": true, \"percentPosition\": false, \"pageDots\": true, \"prevNextButtons\": false, \"groupCells\": false, \"contain\" : true, \"cellAlign\": \"left\", \"adaptiveHeight\": true, \"setGallerySize\": true, \"autoPlay\": 2000 }' >\n<div class=\"ozy-caroseul_item carousel-cell variable \">\n<a><img decoding=\"async\" src=\"https:\/\/www.chateaumarjolet.com\/wp-content\/uploads\/2019\/08\/Acceuil9-1.jpg\" alt=\"\"><\/a><\/div>\n<div class=\"ozy-caroseul_item carousel-cell variable \">\n<a><img decoding=\"async\" src=\"https:\/\/www.chateaumarjolet.com\/wp-content\/uploads\/2019\/08\/14-1.jpg\" alt=\"\"><\/a><\/div>\n<div class=\"ozy-caroseul_item carousel-cell variable \">\n<a><img decoding=\"async\" src=\"https:\/\/www.chateaumarjolet.com\/wp-content\/uploads\/2019\/08\/DSC4156-1.jpg\" alt=\"\"><\/a><\/div>\n<div class=\"ozy-caroseul_item carousel-cell variable \">\n<a><img decoding=\"async\" src=\"https:\/\/www.chateaumarjolet.com\/wp-content\/uploads\/2019\/08\/ABC4562-1.jpg\" alt=\"\"><\/a><\/div><\/div><a href=\"#see-all\" class=\"flickity-see-all\" data-label=\"SLIDE VIEW\">SEE ALL<\/a><\/div>[\/vc_column][\/vc_row]<\/p>\n<\/div>","protected":false},"excerpt":{"rendered":"<p>[vc_row full_width=\u00a0\u00bbstretch_row_content_no_spaces\u00a0\u00bb bottom_arrow=\u00a0\u00bbon\u00a0\u00bb bottom_arrow_color=\u00a0\u00bb#ffffff\u00a0\u00bb hue=\u00a0\u00bb#ff0000&Prime; css=\u00a0\u00bb.vc_custom_1567777061349{margin-top: 0px !important;margin-right: 0px !important;margin-bottom: 0px !important;margin-left: 0px !important;padding-top: 0px !important;padding-right: 0px !important;padding-bottom: 0px !important;padding-left: 0px !important;}\u00a0\u00bb][vc_column css=\u00a0\u00bb.vc_custom_1547814791518{margin-top: 0px !important;margin-bottom: 0px !important;padding-top: 0px !important;padding-bottom: 0px [&hellip;]<\/p>\n","protected":false},"author":1,"featured_media":0,"parent":0,"menu_order":0,"comment_status":"closed","ping_status":"closed","template":"page-transparent-menu.php","meta":{"footnotes":""},"class_list":["post-3219","page","type-page","status-publish","hentry",null],"aioseo_notices":[],"_links":{"self":[{"href":"https:\/\/www.chateaumarjolet.com\/index.php\/wp-json\/wp\/v2\/pages\/3219","targetHints":{"allow":["GET"]}}],"collection":[{"href":"https:\/\/www.chateaumarjolet.com\/index.php\/wp-json\/wp\/v2\/pages"}],"about":[{"href":"https:\/\/www.chateaumarjolet.com\/index.php\/wp-json\/wp\/v2\/types\/page"}],"author":[{"embeddable":true,"href":"https:\/\/www.chateaumarjolet.com\/index.php\/wp-json\/wp\/v2\/users\/1"}],"replies":[{"embeddable":true,"href":"https:\/\/www.chateaumarjolet.com\/index.php\/wp-json\/wp\/v2\/comments?post=3219"}],"version-history":[{"count":22,"href":"https:\/\/www.chateaumarjolet.com\/index.php\/wp-json\/wp\/v2\/pages\/3219\/revisions"}],"predecessor-version":[{"id":4415,"href":"https:\/\/www.chateaumarjolet.com\/index.php\/wp-json\/wp\/v2\/pages\/3219\/revisions\/4415"}],"wp:attachment":[{"href":"https:\/\/www.chateaumarjolet.com\/index.php\/wp-json\/wp\/v2\/media?parent=3219"}],"curies":[{"name":"wp","href":"https:\/\/api.w.org\/{rel}","templated":true}]}}