{"id":2117,"date":"2019-01-17T21:54:06","date_gmt":"2019-01-17T21:54:06","guid":{"rendered":"https:\/\/diwine.freevision.me\/?page_id=2117"},"modified":"2023-03-10T13:55:19","modified_gmt":"2023-03-10T12:55:19","slug":"homepage-03","status":"publish","type":"page","link":"https:\/\/www.chateaumarjolet.com\/","title":{"rendered":"Accueil"},"content":{"rendered":"<div class=\"wpb-content-wrapper\"><p>[vc_row full_width=\u00a0\u00bbstretch_row_content_no_spaces\u00a0\u00bb hue=\u00a0\u00bb#ff0000&Prime; css=\u00a0\u00bb.vc_custom_1567763760022{margin-top: 0px !important;margin-right: 0px !important;margin-bottom: 0px !important;margin-left: 0px !important;padding-top: 0px !important;padding-right: 0px !important;padding-bottom: 0px !important;padding-left: 0px !important;background-color: #f7f3e8 !important;}\u00a0\u00bb][vc_column css=\u00a0\u00bb.vc_custom_1547814791518{margin-top: 0px !important;margin-bottom: 0px !important;padding-top: 0px !important;padding-bottom: 0px !important;}\u00a0\u00bb][vc_empty_space][\/vc_column][\/vc_row][vc_row full_width=\u00a0\u00bbstretch_row_content_no_spaces\u00a0\u00bb hue=\u00a0\u00bb#ff0000&Prime; css=\u00a0\u00bb.vc_custom_1567763674146{margin-top: 0px !important;margin-right: 0px !important;margin-bottom: 0px !important;margin-left: 0px !important;padding-top: 0px !important;padding-right: 0px !important;padding-bottom: 0px !important;padding-left: 0px !important;background-color: #f7f3e8 !important;}\u00a0\u00bb][vc_column css=\u00a0\u00bb.vc_custom_1547814791518{margin-top: 0px !important;margin-bottom: 0px !important;padding-top: 0px !important;padding-bottom: 0px !important;}\u00a0\u00bb][vc_text_separator title=\u00a0\u00bbAu sein de la famille Pontaud depuis plusieurs g\u00e9n\u00e9rations\u00a0\u00bb color=\u00a0\u00bbblack\u00a0\u00bb el_width=\u00a0\u00bb80&Prime; css_animation=\u00a0\u00bbfadeIn\u00a0\u00bb][vc_column_text]<\/p>\n<h4><\/h4>\n<h3 style=\"text-align: center;\"><span style=\"color: #000000;\">\u00a0Bernard et Fran\u00e7oise ont laiss\u00e9 progressivement la place \u00e0 leurs enfants :<br \/>\nLaurent et Sophie.<\/span><\/h3>\n<p>[\/vc_column_text][\/vc_column][\/vc_row][vc_row full_width=\u00a0\u00bbstretch_row_content_no_spaces\u00a0\u00bb full_height=\u00a0\u00bbyes\u00a0\u00bb hue=\u00a0\u00bb#ff0000&Prime; css=\u00a0\u00bb.vc_custom_1567771116792{margin-top: 0px !important;margin-right: 0px !important;margin-bottom: 0px !important;margin-left: 0px !important;padding-top: 0px !important;padding-right: 0px !important;padding-bottom: 0px !important;padding-left: 0px !important;background: #f7f3e8 url(https:\/\/www.chateaumarjolet.com\/wp-content\/uploads\/2019\/07\/topographic_bg_v1-min-1.png?id=3450) !important;}\u00a0\u00bb][vc_column css=\u00a0\u00bb.vc_custom_1547814791518{margin-top: 0px !important;margin-bottom: 0px !important;padding-top: 0px !important;padding-bottom: 0px !important;}\u00a0\u00bb][vc_single_image image=\u00a0\u00bb3782&Prime; img_size=\u00a0\u00bb1400&#215;900&Prime; alignment=\u00a0\u00bbcenter\u00a0\u00bb parallax_ratio=\u00a0\u00bb1&Prime; css=\u00a0\u00bb.vc_custom_1567770636432{margin-top: 0px !important;margin-right: 0px !important;margin-bottom: 0px !important;margin-left: 0px !important;padding-top: 0px !important;padding-right: 0px !important;padding-bottom: 0px !important;padding-left: 0px !important;}\u00a0\u00bb][\/vc_column][\/vc_row][vc_row full_width=\u00a0\u00bbstretch_row\u00a0\u00bb hue=\u00a0\u00bb#ff0000&Prime; css=\u00a0\u00bb.vc_custom_1567774563295{margin-top: 0px !important;margin-right: 0px !important;margin-bottom: 0px !important;margin-left: 0px !important;padding-top: 0px !important;padding-right: 0px !important;padding-bottom: 0px !important;padding-left: 0px !important;background-color: #f7f3e8 !important;}\u00a0\u00bb][vc_column css=\u00a0\u00bb.vc_custom_1547814791518{margin-top: 0px !important;margin-bottom: 0px !important;padding-top: 0px !important;padding-bottom: 0px !important;}\u00a0\u00bb][vc_empty_space][vc_column_text]<\/p>\n<h1 style=\"text-align: center;\"><strong><span style=\"color: #dda759;\"><em>Nos Vins<\/em><\/span><\/strong><\/h1>\n<p>&nbsp;<\/p>\n<h4 style=\"text-align: center;\">Situ\u00e9 dans la partie <strong>m\u00e9ridionale<\/strong> des <strong>C\u00f4tes du Rh\u00f4ne<\/strong>, le Vignoble s\u2019\u00e9tend sur 80 hectares sur les communes de <strong>Gaujac<\/strong> et de <strong>Laudun<\/strong>.<\/h4>\n<h4 style=\"text-align: center;\"><strong>Le Ch\u00e2teau de Marjolet<\/strong> produit une large gamme de C\u00f4tes du Rh\u00f4ne et C\u00f4tes du Rh\u00f4ne Villages.<\/h4>\n<p>[\/vc_column_text]<span  id=\"wofcb-1\" class=\"ozy-custom_button_w\"><a id=\"ofcb-1\" style=\"--data-bordercolor:#000000;--data-bordercolor-hover:#dda759\" class=\"ozy-custom_button ocbtn-13\"  href=\"https:\/\/www.chateaumarjolet.com\/index.php\/les-vins\/\"  target=\"_blank\" >Voir Les Vins<\/a><\/span>[vc_empty_space][\/vc_column][\/vc_row][vc_row full_width=\u00a0\u00bbstretch_row_content_no_spaces\u00a0\u00bb bg_slider=\u00a0\u00bbbubbles\u00a0\u00bb css=\u00a0\u00bb.vc_custom_1567771084544{background-image: url(https:\/\/www.chateaumarjolet.com\/wp-content\/uploads\/2019\/07\/topographic_bg_v1-min-1.png?id=3450) !important;}\u00a0\u00bb][vc_column]<div class=\"flickity-carousel-wrapper wpb_content_element\"><div class=\"carousel flickity-carousel  pagedots-true item-count-4\" data-flickity='{ \"imagesLoaded\": true, \"percentPosition\": false, \"pageDots\": true, \"prevNextButtons\": false, \"groupCells\": false, \"contain\" : true, \"cellAlign\": \"center\", \"adaptiveHeight\": true, \"setGallerySize\": true, \"autoPlay\": 2000 }' >\n<div class=\"ozy-caroseul_item carousel-cell variable \">\n<a><img decoding=\"async\" src=\"https:\/\/www.chateaumarjolet.com\/wp-content\/uploads\/2019\/08\/Acceuil9.jpg\" alt=\"\"><\/a><\/div>\n<div class=\"ozy-caroseul_item carousel-cell variable \">\n<a><img decoding=\"async\" src=\"https:\/\/www.chateaumarjolet.com\/wp-content\/uploads\/2019\/08\/14.jpg\" alt=\"\"><\/a><\/div>\n<div class=\"ozy-caroseul_item carousel-cell variable \">\n<a><img decoding=\"async\" src=\"https:\/\/www.chateaumarjolet.com\/wp-content\/uploads\/2019\/08\/DSC4156.jpg\" alt=\"\"><\/a><\/div>\n<div class=\"ozy-caroseul_item carousel-cell variable \">\n<a><img decoding=\"async\" src=\"https:\/\/www.chateaumarjolet.com\/wp-content\/uploads\/2019\/08\/ABC4562.jpg\" alt=\"\"><\/a><\/div><\/div><\/div>[\/vc_column][\/vc_row][vc_row][vc_column][vc_column_text]<\/p>\n<h1 style=\"text-align: center;\"><strong><span style=\"color: #dda759;\"><em>Les derni\u00e8res nouvelles<\/em><\/span><\/strong><\/h1>\n<p>[\/vc_column_text]<div class=\"wpb_content_element news-carousel-wrapper\"><div class=\"explore-news\"><div class=\"news-carousel\">\t<div class=\"news-carousel-image\">\t\t<img decoding=\"async\" src=\"https:\/\/www.chateaumarjolet.com\/wp-content\/uploads\/2020\/03\/PARIS_Champerret_1-560x380.jpg\" alt=\"\"\/>\t<\/div><\/div><div class=\"news-carousel\">\t<div class=\"news-carousel-image\">\t\t<img decoding=\"async\" src=\"https:\/\/www.chateaumarjolet.com\/wp-content\/uploads\/2020\/03\/PARIS_Champerret_1-560x380.jpg\" alt=\"\" class=\"not-visible\"\/>\t\t<div class=\"news-carousel-overlay\">\t\t\t<div><span class=\"content-color-alternate heading-font\">11<\/span><span>mars, 2020<\/span><h4 class=\"content-color-alternate heading-font\">Salon des Vins des Vignerons Ind\u00e9pendants &#8211; Espace Champerret<\/h4><p>Le Salon qui devait avoir lieu du 20 au 23 Mars 2020 est annul\u00e9 et report\u00e9. Nous vous donnons rendez-vous ...<\/p><a href=\"https:\/\/www.chateaumarjolet.com\/index.php\/2020\/03\/11\/salon-des-vins-des-vignerons-independants-espace-champerret\/\" class=\"content-color cca-after\">READ MORE<\/a><\/div>\t\t<\/div>\t<\/div><\/div><div class=\"news-carousel\">\t<div class=\"news-carousel-image\">\t\t<img decoding=\"async\" src=\"https:\/\/www.chateaumarjolet.com\/wp-content\/uploads\/2020\/01\/6_m_174_linkedin-1-560x380.jpg\" alt=\"\"\/>\t<\/div><\/div><div class=\"news-carousel\">\t<div class=\"news-carousel-image\">\t\t<img decoding=\"async\" src=\"https:\/\/www.chateaumarjolet.com\/wp-content\/uploads\/2020\/01\/6_m_174_linkedin-1-560x380.jpg\" alt=\"\" class=\"not-visible\"\/>\t\t<div class=\"news-carousel-overlay\">\t\t\t<div><span class=\"content-color-alternate heading-font\">27<\/span><span>janvier, 2020<\/span><h4 class=\"content-color-alternate heading-font\">Wine Paris 2020<\/h4><p>Come and meet us Hall6 Stand M174<\/p><a href=\"https:\/\/www.chateaumarjolet.com\/index.php\/en\/2020\/01\/27\/wine-paris-2020-2\/\" class=\"content-color cca-after\">READ MORE<\/a><\/div>\t\t<\/div>\t<\/div><\/div><div class=\"news-carousel\">\t<div class=\"news-carousel-image\">\t\t<img decoding=\"async\" src=\"https:\/\/www.chateaumarjolet.com\/wp-content\/uploads\/2020\/01\/6_m_174_linkedin-560x380.jpg\" alt=\"\"\/>\t<\/div><\/div><div class=\"news-carousel\">\t<div class=\"news-carousel-image\">\t\t<img decoding=\"async\" src=\"https:\/\/www.chateaumarjolet.com\/wp-content\/uploads\/2020\/01\/6_m_174_linkedin-560x380.jpg\" alt=\"\" class=\"not-visible\"\/>\t\t<div class=\"news-carousel-overlay\">\t\t\t<div><span class=\"content-color-alternate heading-font\">27<\/span><span>janvier, 2020<\/span><h4 class=\"content-color-alternate heading-font\">Wine Paris 2020<\/h4><p>Venez nous rencontrer Hall 6 Stand M174 &nbsp;<\/p><a href=\"https:\/\/www.chateaumarjolet.com\/index.php\/2020\/01\/27\/wine-paris-2020\/\" class=\"content-color cca-after\">READ MORE<\/a><\/div>\t\t<\/div>\t<\/div><\/div><div class=\"news-carousel\">\t<div class=\"news-carousel-image\">\t\t<img decoding=\"async\" src=\"https:\/\/www.chateaumarjolet.com\/wp-content\/uploads\/2020\/01\/facebook-cover-560x315.jpg\" alt=\"\"\/>\t<\/div><\/div><div class=\"news-carousel\">\t<div class=\"news-carousel-image\">\t\t<img decoding=\"async\" src=\"https:\/\/www.chateaumarjolet.com\/wp-content\/uploads\/2020\/01\/facebook-cover-560x315.jpg\" alt=\"\" class=\"not-visible\"\/>\t\t<div class=\"news-carousel-overlay\">\t\t\t<div><span class=\"content-color-alternate heading-font\">10<\/span><span>janvier, 2020<\/span><h4 class=\"content-color-alternate heading-font\">Le Salon du Vin<\/h4><p>Le Salon du Vin aura lieu sur 3 jours, 21, 22 et 23 F\u00e9vrier 2020 au Hall omnisports de Huy, Avenue de la ...<\/p><a href=\"https:\/\/www.chateaumarjolet.com\/index.php\/2020\/01\/10\/le-salon-du-vin\/\" class=\"content-color cca-after\">READ MORE<\/a><\/div>\t\t<\/div>\t<\/div><\/div><div class=\"news-carousel\">\t<div class=\"news-carousel-image\">\t\t<img decoding=\"async\" src=\"https:\/\/www.chateaumarjolet.com\/wp-content\/uploads\/2019\/07\/Acceuil5-1-560x380.jpg\" alt=\"\"\/>\t<\/div><\/div><div class=\"news-carousel\">\t<div class=\"news-carousel-image\">\t\t<img decoding=\"async\" src=\"https:\/\/www.chateaumarjolet.com\/wp-content\/uploads\/2019\/07\/Acceuil5-1-560x380.jpg\" alt=\"\" class=\"not-visible\"\/>\t\t<div class=\"news-carousel-overlay\">\t\t\t<div><span class=\"content-color-alternate heading-font\">28<\/span><span>octobre, 2019<\/span><h4 class=\"content-color-alternate heading-font\">Journ\u00e9es Portes Ouvertes le 23 et 24 Novembre<\/h4><p>Le Ch\u00e2teau de Marjolet vous invite \u00e0 ses Journ\u00e9es Portes Ouvertes \u00e0 l&rsquo;occasion de la sortie du ...<\/p><a href=\"https:\/\/www.chateaumarjolet.com\/index.php\/2019\/10\/28\/journees-portes-ouvertes-le-23-et-24-novembre\/\" class=\"content-color cca-after\">READ MORE<\/a><\/div>\t\t<\/div>\t<\/div><\/div><\/div><button class=\"btn news-carousel-control content-color-alternate button--previous\"><i class=\"icon-left-arrow\"><\/i><\/button><button class=\"btn news-carousel-control content-color-alternate button--next\"><i class=\"icon-right-arrow\"><\/i><\/button><\/div>[\/vc_column][\/vc_row]<\/p>\n<\/div>","protected":false},"excerpt":{"rendered":"<p>[vc_row full_width=\u00a0\u00bbstretch_row_content_no_spaces\u00a0\u00bb hue=\u00a0\u00bb#ff0000&Prime; css=\u00a0\u00bb.vc_custom_1567763760022{margin-top: 0px !important;margin-right: 0px !important;margin-bottom: 0px !important;margin-left: 0px !important;padding-top: 0px !important;padding-right: 0px !important;padding-bottom: 0px !important;padding-left: 0px !important;background-color: #f7f3e8 !important;}\u00a0\u00bb][vc_column css=\u00a0\u00bb.vc_custom_1547814791518{margin-top: 0px !important;margin-bottom: 0px !important;padding-top: 0px !important;padding-bottom: 0px [&hellip;]<\/p>\n","protected":false},"author":1,"featured_media":0,"parent":0,"menu_order":0,"comment_status":"closed","ping_status":"closed","template":"page-transparent-menu.php","meta":{"footnotes":""},"class_list":["post-2117","page","type-page","status-publish","hentry","cat-210-id","has_thumb",null],"aioseo_notices":[],"_links":{"self":[{"href":"https:\/\/www.chateaumarjolet.com\/index.php\/wp-json\/wp\/v2\/pages\/2117","targetHints":{"allow":["GET"]}}],"collection":[{"href":"https:\/\/www.chateaumarjolet.com\/index.php\/wp-json\/wp\/v2\/pages"}],"about":[{"href":"https:\/\/www.chateaumarjolet.com\/index.php\/wp-json\/wp\/v2\/types\/page"}],"author":[{"embeddable":true,"href":"https:\/\/www.chateaumarjolet.com\/index.php\/wp-json\/wp\/v2\/users\/1"}],"replies":[{"embeddable":true,"href":"https:\/\/www.chateaumarjolet.com\/index.php\/wp-json\/wp\/v2\/comments?post=2117"}],"version-history":[{"count":129,"href":"https:\/\/www.chateaumarjolet.com\/index.php\/wp-json\/wp\/v2\/pages\/2117\/revisions"}],"predecessor-version":[{"id":4411,"href":"https:\/\/www.chateaumarjolet.com\/index.php\/wp-json\/wp\/v2\/pages\/2117\/revisions\/4411"}],"wp:attachment":[{"href":"https:\/\/www.chateaumarjolet.com\/index.php\/wp-json\/wp\/v2\/media?parent=2117"}],"curies":[{"name":"wp","href":"https:\/\/api.w.org\/{rel}","templated":true}]}}