{"id":1001,"date":"2019-01-07T14:18:03","date_gmt":"2019-01-07T14:18:03","guid":{"rendered":"https:\/\/diwine.freevision.me\/?page_id=1001"},"modified":"2020-01-29T15:15:41","modified_gmt":"2020-01-29T14:15:41","slug":"notre-gite","status":"publish","type":"page","link":"https:\/\/www.chateaumarjolet.com\/index.php\/notre-gite\/","title":{"rendered":"Notre G\u00eete"},"content":{"rendered":"<div class=\"wpb-content-wrapper\"><p>[vc_row full_width=\u00a0\u00bbstretch_row\u00a0\u00bb full_height=\u00a0\u00bbyes\u00a0\u00bb columns_placement=\u00a0\u00bbbottom\u00a0\u00bb content_placement=\u00a0\u00bbmiddle\u00a0\u00bb css=\u00a0\u00bb.vc_custom_1580142068535{margin-bottom: 0px !important;padding-bottom: 160px !important;background-image: url(https:\/\/www.chateaumarjolet.com\/wp-content\/uploads\/2020\/01\/cid_part7_BCD7BFA7_96EDDDEB@gmail.jpg?id=3973) !important;background-position: center !important;background-repeat: no-repeat !important;background-size: cover !important;}\u00a0\u00bb][vc_column]<div class=\"ozy-overlap_caption custom-font-on \"><h2 style=\"color:#dda759;\" >Notre<\/h2><h3 style=\"color:#ffffff;\" >G\u00eete<\/h3><\/div>[vc_empty_space height=\u00a0\u00bb300px\u00a0\u00bb][\/vc_column][\/vc_row][vc_row][vc_column]\n<div class=\"ozy-image_with_featured_content style-overlapped shadow-box  stellar  content_right  \" style=\"min-height:640px\">\n<div><div style=\"background-image:url(https:\/\/www.chateaumarjolet.com\/wp-content\/uploads\/2020\/01\/DSC8983-HDR.jpg)\"><img decoding=\"async\" src=\"https:\/\/www.chateaumarjolet.com\/wp-content\/uploads\/2020\/01\/DSC8983-HDR.jpg\" style=\"width:100%;height:100%;visibility:hidden;z-index:-1;\"\/><\/div><\/div><div  style=\"background-color:#f7f8f6;\" class=\"has-bg-color\"  data-stellar-ratio=\"1.3\">[vc_custom_heading text=\u00a0\u00bbLe G\u00eete\u00a0\u00bb][vc_column_text css=\u00a0\u00bb.vc_custom_1580302759261{background-color: #f7f8f6 !important;}\u00a0\u00bb]Au sein de l&rsquo;exploitation, notre g\u00eete de 300m\u00b2, situ\u00e9 au c\u0153ur du village, offre tout le confort n\u00e9cessaire pour accueillir 8 personnes. Avec ses 4 chambres, 3 salles de bain et sa piscine sur le toit terrasse, chacun pourra profiter pleinement de la maison pour un s\u00e9jour agr\u00e9able.[\/vc_column_text]<\/div><\/div>[\/vc_column][\/vc_row][vc_row el_id=\u00a0\u00bbtasting\u00a0\u00bb css=\u00a0\u00bb.vc_custom_1547488425290{margin-top: 0px !important;margin-bottom: 0px !important;padding-top: 120px !important;}\u00a0\u00bb][vc_column]<ul class=\"ozy-mosaic_gallery none\" id=\"mosaic-gallery-1\"><div class=\"grid-sizer\"><\/div><div class=\"gutter-sizer\"><\/div><li class=\"gallery-item\"><a href=\"https:\/\/www.chateaumarjolet.com\/wp-content\/uploads\/2020\/01\/cid_part7_BCD7BFA7_96EDDDEB@gmail.jpg\"><img decoding=\"async\" src=\"https:\/\/www.chateaumarjolet.com\/wp-content\/uploads\/2020\/01\/cid_part7_BCD7BFA7_96EDDDEB@gmail.jpg\" alt=\"\"\/><span><\/span><\/a><\/li><li class=\"gallery-item\"><a href=\"https:\/\/www.chateaumarjolet.com\/wp-content\/uploads\/2020\/01\/cid_part8_1E12A3D8_C8BE7CA3@gmail.jpg\"><img decoding=\"async\" src=\"https:\/\/www.chateaumarjolet.com\/wp-content\/uploads\/2020\/01\/cid_part8_1E12A3D8_C8BE7CA3@gmail.jpg\" alt=\"\"\/><span><\/span><\/a><\/li><li class=\"gallery-item\"><a href=\"https:\/\/www.chateaumarjolet.com\/wp-content\/uploads\/2020\/01\/DSC9096-HDR.jpg\"><img decoding=\"async\" src=\"https:\/\/www.chateaumarjolet.com\/wp-content\/uploads\/2020\/01\/DSC9096-HDR.jpg\" alt=\"\"\/><span><\/span><\/a><\/li><li class=\"gallery-item\"><a href=\"https:\/\/www.chateaumarjolet.com\/wp-content\/uploads\/2020\/01\/cid_part9_EC20E7E1_58888CB5@gmail.jpg\"><img decoding=\"async\" src=\"https:\/\/www.chateaumarjolet.com\/wp-content\/uploads\/2020\/01\/cid_part9_EC20E7E1_58888CB5@gmail.jpg\" alt=\"\"\/><span><\/span><\/a><\/li><li class=\"gallery-item\"><a href=\"https:\/\/www.chateaumarjolet.com\/wp-content\/uploads\/2020\/01\/DSC8972-HDR-Modifier.jpg\"><img decoding=\"async\" src=\"https:\/\/www.chateaumarjolet.com\/wp-content\/uploads\/2020\/01\/DSC8972-HDR-Modifier.jpg\" alt=\"\"\/><span><\/span><\/a><\/li><li class=\"gallery-item\"><a href=\"https:\/\/www.chateaumarjolet.com\/wp-content\/uploads\/2020\/01\/DSC8976-HDR.jpg\"><img decoding=\"async\" src=\"https:\/\/www.chateaumarjolet.com\/wp-content\/uploads\/2020\/01\/DSC8976-HDR.jpg\" alt=\"\"\/><span><\/span><\/a><\/li><li class=\"gallery-item\"><a href=\"https:\/\/www.chateaumarjolet.com\/wp-content\/uploads\/2020\/01\/DSC8983-HDR.jpg\"><img decoding=\"async\" src=\"https:\/\/www.chateaumarjolet.com\/wp-content\/uploads\/2020\/01\/DSC8983-HDR.jpg\" alt=\"\"\/><span><\/span><\/a><\/li><li class=\"gallery-item\"><a href=\"https:\/\/www.chateaumarjolet.com\/wp-content\/uploads\/2020\/01\/DSC8988-HDR.jpg\"><img decoding=\"async\" src=\"https:\/\/www.chateaumarjolet.com\/wp-content\/uploads\/2020\/01\/DSC8988-HDR.jpg\" alt=\"\"\/><span><\/span><\/a><\/li><li class=\"gallery-item\"><a href=\"https:\/\/www.chateaumarjolet.com\/wp-content\/uploads\/2020\/01\/DSC8995-HDR-Modifier.jpg\"><img decoding=\"async\" src=\"https:\/\/www.chateaumarjolet.com\/wp-content\/uploads\/2020\/01\/DSC8995-HDR-Modifier.jpg\" alt=\"\"\/><span><\/span><\/a><\/li><li class=\"gallery-item\"><a href=\"https:\/\/www.chateaumarjolet.com\/wp-content\/uploads\/2020\/01\/DSC9002-HDR.jpg\"><img decoding=\"async\" src=\"https:\/\/www.chateaumarjolet.com\/wp-content\/uploads\/2020\/01\/DSC9002-HDR.jpg\" alt=\"\"\/><span><\/span><\/a><\/li><li class=\"gallery-item\"><a href=\"https:\/\/www.chateaumarjolet.com\/wp-content\/uploads\/2020\/01\/DSC9004-HDR-Modifier.jpg\"><img decoding=\"async\" src=\"https:\/\/www.chateaumarjolet.com\/wp-content\/uploads\/2020\/01\/DSC9004-HDR-Modifier.jpg\" alt=\"\"\/><span><\/span><\/a><\/li><li class=\"gallery-item\"><a href=\"https:\/\/www.chateaumarjolet.com\/wp-content\/uploads\/2020\/01\/DSC9010-HDR.jpg\"><img decoding=\"async\" src=\"https:\/\/www.chateaumarjolet.com\/wp-content\/uploads\/2020\/01\/DSC9010-HDR.jpg\" alt=\"\"\/><span><\/span><\/a><\/li><li class=\"gallery-item\"><a href=\"https:\/\/www.chateaumarjolet.com\/wp-content\/uploads\/2020\/01\/DSC9016-HDR-Modifier.jpg\"><img decoding=\"async\" src=\"https:\/\/www.chateaumarjolet.com\/wp-content\/uploads\/2020\/01\/DSC9016-HDR-Modifier.jpg\" alt=\"\"\/><span><\/span><\/a><\/li><li class=\"gallery-item\"><a href=\"https:\/\/www.chateaumarjolet.com\/wp-content\/uploads\/2020\/01\/DSC9032-HDR-Modifier.jpg\"><img decoding=\"async\" src=\"https:\/\/www.chateaumarjolet.com\/wp-content\/uploads\/2020\/01\/DSC9032-HDR-Modifier.jpg\" alt=\"\"\/><span><\/span><\/a><\/li><li class=\"gallery-item\"><a href=\"https:\/\/www.chateaumarjolet.com\/wp-content\/uploads\/2020\/01\/DSC9038-HDR-Modifier.jpg\"><img decoding=\"async\" src=\"https:\/\/www.chateaumarjolet.com\/wp-content\/uploads\/2020\/01\/DSC9038-HDR-Modifier.jpg\" alt=\"\"\/><span><\/span><\/a><\/li><li class=\"gallery-item\"><a href=\"https:\/\/www.chateaumarjolet.com\/wp-content\/uploads\/2020\/01\/DSC9045-HDR.jpg\"><img decoding=\"async\" src=\"https:\/\/www.chateaumarjolet.com\/wp-content\/uploads\/2020\/01\/DSC9045-HDR.jpg\" alt=\"\"\/><span><\/span><\/a><\/li><li class=\"gallery-item\"><a href=\"https:\/\/www.chateaumarjolet.com\/wp-content\/uploads\/2020\/01\/DSC9054-HDR-Modifier.jpg\"><img decoding=\"async\" src=\"https:\/\/www.chateaumarjolet.com\/wp-content\/uploads\/2020\/01\/DSC9054-HDR-Modifier.jpg\" alt=\"\"\/><span><\/span><\/a><\/li><li class=\"gallery-item\"><a href=\"https:\/\/www.chateaumarjolet.com\/wp-content\/uploads\/2020\/01\/DSC9063-HDR-Modifier.jpg\"><img decoding=\"async\" src=\"https:\/\/www.chateaumarjolet.com\/wp-content\/uploads\/2020\/01\/DSC9063-HDR-Modifier.jpg\" alt=\"\"\/><span><\/span><\/a><\/li><li class=\"gallery-item\"><a href=\"https:\/\/www.chateaumarjolet.com\/wp-content\/uploads\/2020\/01\/DSC9069-HDR-Modifier.jpg\"><img decoding=\"async\" src=\"https:\/\/www.chateaumarjolet.com\/wp-content\/uploads\/2020\/01\/DSC9069-HDR-Modifier.jpg\" alt=\"\"\/><span><\/span><\/a><\/li><li class=\"gallery-item\"><a href=\"https:\/\/www.chateaumarjolet.com\/wp-content\/uploads\/2020\/01\/DSC9075-HDR-Modifier.jpg\"><img decoding=\"async\" src=\"https:\/\/www.chateaumarjolet.com\/wp-content\/uploads\/2020\/01\/DSC9075-HDR-Modifier.jpg\" alt=\"\"\/><span><\/span><\/a><\/li><\/ul>[vc_empty_space][\/vc_column][\/vc_row][vc_row equal_height=\u00a0\u00bbyes\u00a0\u00bb fading_background_color=\u00a0\u00bbon\u00a0\u00bb fade_color_1=\u00a0\u00bb#ffffff\u00a0\u00bb fade_color_2=\u00a0\u00bb#000000&Prime; fade_color_apply_to_body=\u00a0\u00bbon\u00a0\u00bb hue=\u00a0\u00bb#ff0000&Prime; el_class=\u00a0\u00bbzero-column-gap\u00a0\u00bb css=\u00a0\u00bb.vc_custom_1580307134759{margin-top: 0px !important;margin-bottom: 0px !important;}\u00a0\u00bb][vc_column width=\u00a0\u00bb1\/3&Prime;]<div id=\"ooivbx-2\" class=\"ozy-image_video_box  no-hover \" style=\"\">\n<div class=\"overlay\"><\/div><a  class=\"caption\"><h2>A Proximit\u00e9<\/h2><p>Vous serez \u00e0 proximit\u00e9 du Duch\u00e9 d&#039;Uz\u00e8s et du Pont du Gard (20 min), de la Cit\u00e9 des Papes d&#039;Avignon (30 min) et de la ville antique de N\u00eemes (40 min). Les stations baln\u00e9aires du Grau du Roi, de la Grande Motte et de Port Camargue sont \u00e0 1 heure de route. En fonction des p\u00e9riodes, le tarif varie entre 90\u20ac et 170\u20ac avec un minimum de 4 nuits.<\/p><\/a><\/div>\n<div id=\"ooivbx-3\" class=\"ozy-image_video_box   \" style=\"background-image:url(https:\/\/www.chateaumarjolet.com\/wp-content\/uploads\/2020\/01\/avignon.jpg);\">\n<div class=\"overlay\"><\/div><a  class=\"caption\"><h2>La Cit\u00e9 des Papes<\/h2><p>Avignon, ville de Provence dans le sud-est de la France, est travers\u00e9e par le Rh\u00f4ne. De 1309 \u00e0 1377, les papes catholiques \u00e9lisent r\u00e9sidence dans la ville. Celle-ci reste sous le r\u00e8gne pontifical jusqu\u2019en 1791, date \u00e0 laquelle elle est rattach\u00e9e \u00e0 la France.<\/p><\/a><\/div>\n[\/vc_column][vc_column width=\u00a0\u00bb1\/3&Prime; css=\u00a0\u00bb.vc_custom_1547020020853{margin-top: 40px !important;}\u00a0\u00bb]<div id=\"ooivbx-4\" class=\"ozy-image_video_box   \" style=\"background-image:url(https:\/\/www.chateaumarjolet.com\/wp-content\/uploads\/2020\/01\/PPFIh8f-3ZqJ52QgpKMX2_hgPAw.jpg);\">\n<div class=\"overlay\"><\/div><a  class=\"caption\"><h2>Le Duch\u00e9 d&#039;Uzes<\/h2><p>Le duch\u00e9-d&#039;uz\u00e8s est un vin fran\u00e7ais d&#039;appellation d&#039;origine contr\u00f4l\u00e9e faisant partie du vignoble de la vall\u00e9e du Rh\u00f4ne. Situ\u00e9e \u00e0 l\u2019extr\u00eame sud-ouest de la vall\u00e9e du Rh\u00f4ne, au nord-ouest des costi\u00e8res-de-n\u00eemes et au sud des C\u00e9vennes, cette appellation produit principalement des vins rouges, ros\u00e9s et blancs.<\/p><\/a><\/div>\n<div id=\"ooivbx-5\" class=\"ozy-image_video_box   \" style=\"background-image:url(https:\/\/www.chateaumarjolet.com\/wp-content\/uploads\/2020\/01\/Nimes-au-coeur-de-la-cite-antique-RMC-Decouverte-L-Heritage-des-Romains.jpg);\">\n<div class=\"overlay\"><\/div><a  class=\"caption\"><h2>N\u00eemes<\/h2><p>Les ar\u00e8nes de N\u00eemes sont un amphith\u00e9\u00e2tre romain construit vers la fin du I\u1d49\u02b3 si\u00e8cle dans la ville fran\u00e7aise de N\u00eemes, dans le Gard. La construction de l&#039;\u00e9difice d\u00e9bute vers 90 apr\u00e8s J-C, voire un peu plus tard en raison de son niveau de perfectionnement architectural.<\/p><\/a><\/div>\n[\/vc_column][vc_column width=\u00a0\u00bb1\/3&Prime;]<div id=\"ooivbx-6\" class=\"ozy-image_video_box   \" style=\"background-image:url(https:\/\/www.chateaumarjolet.com\/wp-content\/uploads\/2020\/01\/pont-du-gard.jpg);\">\n<div class=\"overlay\"><\/div><a  class=\"caption\"><h2>Pont du Gard<\/h2><p>Le pont du Gard est un pont \u00e0 trois niveaux destin\u00e9 au passage d&#039;un aqueduc romain. Il est situ\u00e9 \u00e0 Vers-Pont-du-Gard entre Uz\u00e8s et Remoulins, non loin de N\u00eemes, dans le d\u00e9partement fran\u00e7ais du Gard. Il enjambe le Gardon.<\/p><\/a><\/div>\n<div id=\"ooivbx-7\" class=\"ozy-image_video_box   \" style=\"background-image:url(https:\/\/www.chateaumarjolet.com\/wp-content\/uploads\/2020\/01\/le-grau-du-roi1.jpg);\">\n<div class=\"overlay\"><\/div><a  class=\"caption\"><h2>Stations Baln\u00e9aires<\/h2><p>Les stations baln\u00e9aires du Grau du Roi, de la Grande Motte et de Port Camargue sont \u00e0 1 heure de route.<\/p><\/a><\/div>\n[\/vc_column][\/vc_row][vc_row][vc_column]<span  id=\"wofcb-8\" class=\"ozy-custom_button_w\"><a id=\"ofcb-8\" style=\"--data-bordercolor:#dda759;--data-bordercolor-hover:#dda759\" class=\"ozy-custom_button ocbtn-0\"  href=\"https:\/\/www.chateaumarjolet.com\/index.php\/contact\/\"  target=\"_blank\" >R\u00e9server<\/a><\/span>[\/vc_column][\/vc_row]<\/p>\n<\/div>","protected":false},"excerpt":{"rendered":"<p>[vc_row full_width=\u00a0\u00bbstretch_row\u00a0\u00bb full_height=\u00a0\u00bbyes\u00a0\u00bb columns_placement=\u00a0\u00bbbottom\u00a0\u00bb content_placement=\u00a0\u00bbmiddle\u00a0\u00bb css=\u00a0\u00bb.vc_custom_1580142068535{margin-bottom: 0px !important;padding-bottom: 160px !important;background-image: url(https:\/\/www.chateaumarjolet.com\/wp-content\/uploads\/2020\/01\/cid_part7_BCD7BFA7_96EDDDEB@gmail.jpg?id=3973) !important;background-position: center !important;background-repeat: no-repeat !important;background-size: cover !important;}\u00a0\u00bb][vc_column][vc_empty_space height=\u00a0\u00bb300px\u00a0\u00bb][\/vc_column][\/vc_row][vc_row][vc_column][\/vc_column][\/vc_row][vc_row el_id=\u00a0\u00bbtasting\u00a0\u00bb css=\u00a0\u00bb.vc_custom_1547488425290{margin-top: 0px !important;margin-bottom: 0px !important;padding-top: 120px !important;}\u00a0\u00bb][vc_column][vc_empty_space][\/vc_column][\/vc_row][vc_row equal_height=\u00a0\u00bbyes\u00a0\u00bb fading_background_color=\u00a0\u00bbon\u00a0\u00bb fade_color_1=\u00a0\u00bb#ffffff\u00a0\u00bb [&hellip;]<\/p>\n","protected":false},"author":1,"featured_media":0,"parent":0,"menu_order":0,"comment_status":"closed","ping_status":"closed","template":"page-transparent-menu.php","meta":{"footnotes":""},"class_list":["post-1001","page","type-page","status-publish","hentry",null],"aioseo_notices":[],"_links":{"self":[{"href":"https:\/\/www.chateaumarjolet.com\/index.php\/wp-json\/wp\/v2\/pages\/1001","targetHints":{"allow":["GET"]}}],"collection":[{"href":"https:\/\/www.chateaumarjolet.com\/index.php\/wp-json\/wp\/v2\/pages"}],"about":[{"href":"https:\/\/www.chateaumarjolet.com\/index.php\/wp-json\/wp\/v2\/types\/page"}],"author":[{"embeddable":true,"href":"https:\/\/www.chateaumarjolet.com\/index.php\/wp-json\/wp\/v2\/users\/1"}],"replies":[{"embeddable":true,"href":"https:\/\/www.chateaumarjolet.com\/index.php\/wp-json\/wp\/v2\/comments?post=1001"}],"version-history":[{"count":37,"href":"https:\/\/www.chateaumarjolet.com\/index.php\/wp-json\/wp\/v2\/pages\/1001\/revisions"}],"predecessor-version":[{"id":4093,"href":"https:\/\/www.chateaumarjolet.com\/index.php\/wp-json\/wp\/v2\/pages\/1001\/revisions\/4093"}],"wp:attachment":[{"href":"https:\/\/www.chateaumarjolet.com\/index.php\/wp-json\/wp\/v2\/media?parent=1001"}],"curies":[{"name":"wp","href":"https:\/\/api.w.org\/{rel}","templated":true}]}}